{"id":3,"date":"2024-09-23T19:09:08","date_gmt":"2024-09-23T17:09:08","guid":{"rendered":"https:\/\/singei.com\/?page_id=3"},"modified":"2025-10-24T12:44:29","modified_gmt":"2025-10-24T10:44:29","slug":"politica-privacidad","status":"publish","type":"page","link":"https:\/\/singei.com\/cat\/politica-privacidad\/","title":{"rendered":"Pol\u00edtica de privacitat"},"content":{"rendered":"<div data-elementor-type=\"wp-page\" data-elementor-id=\"3\" class=\"elementor elementor-3\" data-elementor-post-type=\"page\">\n\t\t\t\t<div class=\"elementor-element elementor-element-8beaff0 e-flex e-con-boxed e-con e-parent\" data-id=\"8beaff0\" data-element_type=\"container\" data-e-type=\"container\" data-settings=\"{&quot;background_background&quot;:&quot;classic&quot;}\">\n\t\t\t\t\t<div class=\"e-con-inner\">\n\t\t\t\t\t<\/div>\n\t\t\t\t<\/div>\n\t\t<div class=\"elementor-element elementor-element-6818a72f e-flex e-con-boxed e-con e-parent\" data-id=\"6818a72f\" data-element_type=\"container\" data-e-type=\"container\">\n\t\t\t\t\t<div class=\"e-con-inner\">\n\t\t\t\t<div class=\"elementor-element elementor-element-4de4fa7f elementor-widget elementor-widget-text-editor\" data-id=\"4de4fa7f\" data-element_type=\"widget\" data-e-type=\"widget\" data-widget_type=\"text-editor.default\">\n\t\t\t\t<div class=\"elementor-widget-container\">\n\t\t\t\t\t\t\t\t\t<p><\/p>\n<div>\n<h1 class=\"wp-block-heading\"><b>POL\u00cdTICA DE PRIVACITAT<\/b><\/h1>\n<\/div>\n<p>En Europa y en Espa\u00f1a existen normas de protecci\u00f3n de datos pensadas para proteger su informaci\u00f3n personal de obligado cumplimiento para nuestra entidad.<\/p>\n<p class=\"translation-block\">Por ello, es muy importante para nosotros que entienda perfectamente qu\u00e9 vamos a hacer con los datos personales que le pedimos.<br>As\u00ed, seremos transparentes y le daremos el control de sus datos, con un lenguaje sencillo y opciones claras que le permitir\u00e1n decidir qu\u00e9 haremos con su informaci\u00f3n personal.<\/p>\n<p class=\"translation-block\">Por favor, si una vez le\u00edda la presente informaci\u00f3n le queda alguna duda, no dude en preguntarnos.<br>Muchas gracias por su colaboraci\u00f3n.<\/p>\n<p><b><span style=\"color: inherit; font-family: inherit; font-size: 1.25rem; text-align: var(--text-align);\">\u00bfQUI\u00c9NES SOMOS?<\/span><br><\/b><\/p>\n<ul>\n<li>Nuestra denominaci\u00f3n: AURELIAN BIOTECH Sociedad Limitada<\/li>\n<li>Nuestro CIF \/ NIF: B-72498611<\/li>\n<li>Nuestra actividad principal: Biotecnolog\u00eda<\/li>\n<li>Nuestra direcci\u00f3n: Calle Cabo de Palos n\u00ba8. Urbanizaci\u00f3n ALTORREAL&nbsp;30506. Molina de Segura-Murcia (Espa\u00f1a)<\/li>\n<li>Nuestra direcci\u00f3n de correo electr\u00f3nico de contacto: info@biaurelian.com<\/li>\n<li>Nuestra p\u00e1gina web: https:\/\/biaurelian.com<\/li>\n<\/ul>\n<div>&nbsp;<\/div>\n<div><b><span style=\"color: inherit; font-family: inherit; font-size: 1.25rem; text-align: var(--text-align);\">\u00bfPARA QU\u00c9 VAMOS A USAR SUS DATOS?<\/span><br><\/b><\/div>\n<p class=\"translation-block\">Con car\u00e1cter general, sus datos personales ser\u00e1n usados para poder relacionarnos con usted y poder prestarle nuestros servicios.<br>Asimismo, tambi\u00e9n pueden ser usados para otras actividades, como enviarle publicidad o promocionar nuestras actividades.<\/p>\n<p><b><span style=\"color: inherit; font-family: inherit; font-size: 1.25rem; text-align: var(--text-align);\">\u00bfPOR QU\u00c9 NECESITAMOS USAR SUS DATOS?<\/span><br><\/b><\/p>\n<p>Sus datos personales son necesarios para poder relacionarnos con usted y poder prestarle nuestros servicios. En este sentido, pondremos a su disposici\u00f3n una serie de casillas que le permitir\u00e1n decidir de manera clara y sencilla sobre el uso de su informaci\u00f3n personal.<\/p>\n<p><b><span style=\"color: inherit; font-family: inherit; font-size: 1.25rem; text-align: var(--text-align);\">\u00bfQUI\u00c9N VA A CONOCER LA INFORMACI\u00d3N QUE LE PEDIMOS?<\/span><br><\/b><\/p>\n<p>Con car\u00e1cter general, s\u00f3lo el personal de nuestra entidad que est\u00e9 debidamente autorizado podr\u00e1 tener conocimiento de la informaci\u00f3n que le pedimos.<\/p>\n<p>De igual modo, podr\u00e1n tener conocimiento de su informaci\u00f3n personal aquellas entidades que necesiten tener acceso a la misma para que podamos prestarle nuestros servicios. As\u00ed por ejemplo, nuestro banco conocer\u00e1 sus datos si el pago de nuestros servicios se realiza mediante tarjeta o transferencia bancaria.<\/p>\n<p>Asimismo, tendr\u00e1n conocimiento de su informaci\u00f3n aquellas entidades p\u00fablicas o privadas a las cuales estemos obligados a facilitar sus datos personales con motivo del cumplimiento de alguna ley. Poni\u00e9ndole un ejemplo, la Ley Tributaria obliga a facilitar a la Agencia Tributaria determinada informaci\u00f3n sobre operaciones econ\u00f3micas que superen una determinada cantidad.<\/p>\n<p>En el caso de que, al margen de los supuestos comentados, necesitemos dar a conocer&nbsp; su informaci\u00f3n personal a otras entidades, le solicitaremos previamente su permiso a trav\u00e9s de opciones claras que le permitir\u00e1n decidir a este respecto.<\/p>\n<p><b><span style=\"color: inherit; font-family: inherit; font-size: 1.25rem; text-align: var(--text-align);\">\u00bfC\u00d3MO VAMOS A PROTEGER SUS DATOS?<\/span><br><\/b><\/p>\n<p>Protegeremos sus datos con medidas de seguridad eficaces en funci\u00f3n de los riesgos que conlleve el uso de su informaci\u00f3n.<\/p>\n<p>Para ello, nuestra entidad ha aprobado una Pol\u00edtica de Protecci\u00f3n de Datos y se realizan controles y auditor\u00edas anuales para verificar que sus datos personales est\u00e1n seguros en todo momento.<\/p>\n<p><b><span style=\"color: inherit; font-family: inherit; font-size: 1.25rem; text-align: var(--text-align);\">\u00bfENVIAREMOS SUS DATOS A OTROS PA\u00cdSES?<\/span><br><\/b><\/p>\n<p>En el mundo hay pa\u00edses que son seguros para sus datos y otros que no lo son tanto. As\u00ed por ejemplo, la Uni\u00f3n Europea es un entorno seguro para sus datos. Nuestra pol\u00edtica es no enviar su informaci\u00f3n personal a ning\u00fan pa\u00eds que no sea seguro desde el punto de vista de la protecci\u00f3n de sus datos.<\/p>\n<p>En el caso de que, con motivo de prestarle el servicio, sea imprescindible enviar sus datos a un pa\u00eds que no sea tan seguro como Espa\u00f1a, siempre le solicitaremos previamente su permiso y aplicaremos medidas de seguridad eficaces que reduzcan los riesgos del env\u00edo de su informaci\u00f3n personal a otro pa\u00eds.<\/p>\n<p><b><span style=\"color: inherit; font-family: inherit; font-size: 1.25rem; text-align: var(--text-align);\">\u00bfDURANTE CU\u00c1NTO TIEMPO VAMOS A CONSERVAR SUS DATOS?<\/span><br><\/b><\/p>\n<p>Conservaremos sus datos durante nuestra relaci\u00f3n y mientras nos obliguen las leyes. Una vez finalizados los plazos legales aplicables, procederemos a eliminarlos de forma segura y respetuosa con el medio ambiente.<\/p>\n<p><b><span style=\"color: inherit; font-family: inherit; font-size: 1.25rem; text-align: var(--text-align);\">\u00bfCU\u00c1LES SON SUS DERECHOS DE PROTECCI\u00d3N DE DATOS?<\/span><br><\/b><\/p>\n<p>En cualquier momento puede dirigirse a nosotros para saber qu\u00e9 informaci\u00f3n tenemos sobre usted, rectificarla si fuese incorrecta y eliminarla una vez finalizada nuestra relaci\u00f3n, en el caso de que ello sea legalmente posible.<\/p>\n<p>Tambi\u00e9n tiene derecho a solicitar el traspaso de su informaci\u00f3n a otra entidad. Este derecho se llama \u201cportabilidad\u201d y puede ser \u00fatil en determinadas situaciones.<\/p>\n<p>Para solicitar alguno de estos derechos, deber\u00e1 realizar una solicitud escrita a nuestra direcci\u00f3n, junto con una fotocopia de su DNI, para poder identificarle.<\/p>\n<p>En las oficinas de nuestra entidad disponemos de formularios espec\u00edficos para solicitar dichos derechos y le ofrecemos nuestra ayuda para su cumplimentaci\u00f3n.<\/p>\n<p>Para saber m\u00e1s sobre sus derechos de protecci\u00f3n de datos, puede consultar la p\u00e1gina web de la Agencia Espa\u00f1ola de Protecci\u00f3n de Datos (<a href=\"http:\/\/www.agpd.es\/\">www.agpd.es<\/a>).<\/p>\n<p><b><span style=\"color: inherit; font-family: inherit; font-size: 1.25rem; text-align: var(--text-align);\">\u00bfPUEDE RETIRAR SU CONSENTIMIENTO SI CAMBIA DE OPINI\u00d3N EN UN MOMENTO POSTERIOR?<\/span><br><\/b><\/p>\n<p>Usted puede retirar su consentimiento si cambia de opini\u00f3n sobre el uso de sus datos en cualquier momento.<\/p>\n<p>As\u00ed por ejemplo, si usted en su d\u00eda estuvo interesado\/a en recibir publicidad de nuestros productos o servicios, pero ya no desea recibir m\u00e1s publicidad, puede hac\u00e9rnoslo constar a trav\u00e9s del formulario de oposici\u00f3n al tratamiento disponible en las oficinas de nuestra entidad.<\/p>\n<p><b><span style=\"color: inherit; font-family: inherit; font-size: 1.25rem; text-align: var(--text-align);\">EN CASO DE QUE ENTIENDA QUE SUS DERECHOS HAN SIDO DESATENDIDOS, \u00bfD\u00d3NDE PUEDE FORMULAR UNA RECLAMACI\u00d3N?<\/span><br><\/b><\/p>\n<p>En caso de que entienda que sus derechos han sido desatendidos por nuestra entidad, puede formular una reclamaci\u00f3n en la Agencia Espa\u00f1ola de Protecci\u00f3n de Datos, a trav\u00e9s de alguno de los medios siguientes:<\/p>\n<ul>\n<li>Sede electr\u00f3nica: www.agpd.es<\/li>\n<li>Direcci\u00f3n postal: Agencia Espa\u00f1ola de Protecci\u00f3n de Datos C\/ Jorge Juan, 6<br>28001-Madrid<\/li>\n<li>V\u00eda telef\u00f3nica: Telf. 901 100 099 \/ Telf. 91 266 35 17<\/li>\n<\/ul>\n<p>Formular una reclamaci\u00f3n en la Agencia Espa\u00f1ola de Protecci\u00f3n de Datos no conlleva ning\u00fan coste y no es necesaria la asistencia de abogado ni procurador.<\/p>\n<p><b><span style=\"color: inherit; font-family: inherit; font-size: 1.25rem; text-align: var(--text-align);\">\u00bfELABORAREMOS PERFILES SOBRE USTED?<\/span><br><\/b><\/p>\n<p>Nuestra pol\u00edtica es no elaborar perfiles sobre los usuarios de nuestros servicios.<\/p>\n<p>No obstante, pueden existir situaciones en las que, con fines de prestaci\u00f3n del servicio, comerciales o de otro tipo, necesitemos elaborar perfiles de informaci\u00f3n sobre usted. Un ejemplo pudiera ser la utilizaci\u00f3n de su historial de compras o servicios para poder ofrecerle productos o servicios adaptados a sus gustos o necesidades.<\/p>\n<p>En tal caso, aplicaremos medidas de seguridad eficaces que protejan su informaci\u00f3n en todo momento de personas no autorizadas que pretendan utilizarla en su propio beneficio.<\/p>\n<p><b><span style=\"color: inherit; font-family: inherit; font-size: 1.25rem; text-align: var(--text-align);\">\u00bfUSAREMOS SUS DATOS PARA OTROS FINES?<\/span><br><\/b><\/p>\n<p>Nuestra pol\u00edtica es no usar sus datos para otras finalidades distintas a las que le hemos explicado. Si, no obstante, necesit\u00e1semos usar sus datos para actividades distintas, siempre le solicitaremos previamente su permiso a trav\u00e9s de opciones claras que le permitir\u00e1n decidir al respecto.<\/p>\t\t\t\t\t\t\t\t<\/div>\n\t\t\t\t<\/div>\n\t\t\t\t\t<\/div>\n\t\t\t\t<\/div>\n\t\t\t\t<\/div>","protected":false},"excerpt":{"rendered":"<p>Pol\u00edtica de Privacidad del Sitio<\/p>","protected":false},"author":1,"featured_media":0,"parent":0,"menu_order":0,"comment_status":"closed","ping_status":"closed","template":"elementor_canvas","meta":{"footnotes":""},"class_list":["post-3","page","type-page","status-publish","hentry"],"_links":{"self":[{"href":"https:\/\/singei.com\/cat\/wp-json\/wp\/v2\/pages\/3","targetHints":{"allow":["GET"]}}],"collection":[{"href":"https:\/\/singei.com\/cat\/wp-json\/wp\/v2\/pages"}],"about":[{"href":"https:\/\/singei.com\/cat\/wp-json\/wp\/v2\/types\/page"}],"author":[{"embeddable":true,"href":"https:\/\/singei.com\/cat\/wp-json\/wp\/v2\/users\/1"}],"replies":[{"embeddable":true,"href":"https:\/\/singei.com\/cat\/wp-json\/wp\/v2\/comments?post=3"}],"version-history":[{"count":9,"href":"https:\/\/singei.com\/cat\/wp-json\/wp\/v2\/pages\/3\/revisions"}],"predecessor-version":[{"id":694,"href":"https:\/\/singei.com\/cat\/wp-json\/wp\/v2\/pages\/3\/revisions\/694"}],"wp:attachment":[{"href":"https:\/\/singei.com\/cat\/wp-json\/wp\/v2\/media?parent=3"}],"curies":[{"name":"wp","href":"https:\/\/api.w.org\/{rel}","templated":true}]}}