{"id":17,"date":"2024-09-23T19:29:06","date_gmt":"2024-09-23T17:29:06","guid":{"rendered":"https:\/\/singei.com\/?page_id=17"},"modified":"2025-12-15T11:35:10","modified_gmt":"2025-12-15T10:35:10","slug":"singei-2","status":"publish","type":"page","link":"https:\/\/singei.com\/cat\/","title":{"rendered":"SINGEI"},"content":{"rendered":"\t\t<div data-elementor-type=\"wp-page\" data-elementor-id=\"17\" class=\"elementor elementor-17\" data-elementor-post-type=\"page\">\n\t\t\t\t<div class=\"elementor-element elementor-element-beae3ce e-flex e-con-boxed e-con e-parent\" data-id=\"beae3ce\" data-element_type=\"container\" data-e-type=\"container\" data-settings=\"{&quot;background_background&quot;:&quot;classic&quot;}\">\n\t\t\t\t\t<div class=\"e-con-inner\">\n\t\t<div class=\"elementor-element elementor-element-8a8c8ae e-con-full e-flex e-con e-child\" data-id=\"8a8c8ae\" data-element_type=\"container\" data-e-type=\"container\" data-settings=\"{&quot;background_background&quot;:&quot;classic&quot;}\">\n\t\t\t\t<div class=\"elementor-element elementor-element-01848aa elementor-widget elementor-widget-heading\" data-id=\"01848aa\" data-element_type=\"widget\" data-e-type=\"widget\" data-widget_type=\"heading.default\">\n\t\t\t\t<div class=\"elementor-widget-container\">\n\t\t\t\t\t<h1 class=\"elementor-heading-title elementor-size-default\">TRATAMIENTO DE PURINES<\/h1>\t\t\t\t<\/div>\n\t\t\t\t<\/div>\n\t\t\t\t<\/div>\n\t\t<div class=\"elementor-element elementor-element-06ed8d7 e-con-full e-flex e-con e-child\" data-id=\"06ed8d7\" data-element_type=\"container\" data-e-type=\"container\" data-settings=\"{&quot;background_background&quot;:&quot;classic&quot;}\">\n\t\t\t\t<div class=\"elementor-element elementor-element-f81bb1c elementor-widget elementor-widget-spacer\" data-id=\"f81bb1c\" data-element_type=\"widget\" data-e-type=\"widget\" data-widget_type=\"spacer.default\">\n\t\t\t\t<div class=\"elementor-widget-container\">\n\t\t\t\t\t\t\t<div class=\"elementor-spacer\">\n\t\t\t<div class=\"elementor-spacer-inner\"><\/div>\n\t\t<\/div>\n\t\t\t\t\t\t<\/div>\n\t\t\t\t<\/div>\n\t\t\t\t<\/div>\n\t\t\t\t\t<\/div>\n\t\t\t\t<\/div>\n\t\t<div class=\"elementor-element elementor-element-d7716d3 e-flex e-con-boxed e-con e-parent\" data-id=\"d7716d3\" data-element_type=\"container\" data-e-type=\"container\" data-settings=\"{&quot;background_background&quot;:&quot;classic&quot;}\">\n\t\t\t\t\t<div class=\"e-con-inner\">\n\t\t\t\t<div class=\"elementor-element elementor-element-7fb5dea elementor-widget elementor-widget-heading\" data-id=\"7fb5dea\" data-element_type=\"widget\" data-e-type=\"widget\" data-widget_type=\"heading.default\">\n\t\t\t\t<div class=\"elementor-widget-container\">\n\t\t\t\t\t<h3 class=\"elementor-heading-title elementor-size-default\">LA CHISPA QUE ACTIVA EL POTENCIAL OCULTO DE LOS PURINES<\/h3>\t\t\t\t<\/div>\n\t\t\t\t<\/div>\n\t\t\t\t\t<\/div>\n\t\t\t\t<\/div>\n\t\t<div class=\"elementor-element elementor-element-3339710 e-grid e-con-boxed e-con e-parent\" data-id=\"3339710\" data-element_type=\"container\" data-e-type=\"container\">\n\t\t\t\t\t<div class=\"e-con-inner\">\n\t\t\t\t<div class=\"elementor-element elementor-element-d75740e elementor-position-top elementor-widget elementor-widget-image-box\" data-id=\"d75740e\" data-element_type=\"widget\" data-e-type=\"widget\" data-widget_type=\"image-box.default\">\n\t\t\t\t<div class=\"elementor-widget-container\">\n\t\t\t\t\t<div class=\"elementor-image-box-wrapper\"><figure class=\"elementor-image-box-img\"><img fetchpriority=\"high\" decoding=\"async\" width=\"364\" height=\"363\" src=\"https:\/\/singei.com\/wp-content\/uploads\/2025\/10\/salud-1.png\" class=\"attachment-full size-full wp-image-622\" alt=\"\" srcset=\"https:\/\/singei.com\/wp-content\/uploads\/2025\/10\/salud-1.png 364w, https:\/\/singei.com\/wp-content\/uploads\/2025\/10\/salud-1-300x300.png 300w, https:\/\/singei.com\/wp-content\/uploads\/2025\/10\/salud-1-150x150.png 150w, https:\/\/singei.com\/wp-content\/uploads\/2025\/10\/salud-1-12x12.png 12w\" sizes=\"(max-width: 364px) 100vw, 364px\" \/><\/figure><div class=\"elementor-image-box-content\"><h3 class=\"elementor-image-box-title\">+ SALUD<\/h3><\/div><\/div>\t\t\t\t<\/div>\n\t\t\t\t<\/div>\n\t\t\t\t<div class=\"elementor-element elementor-element-f2c06dc elementor-position-top elementor-widget elementor-widget-image-box\" data-id=\"f2c06dc\" data-element_type=\"widget\" data-e-type=\"widget\" data-widget_type=\"image-box.default\">\n\t\t\t\t<div class=\"elementor-widget-container\">\n\t\t\t\t\t<div class=\"elementor-image-box-wrapper\"><figure class=\"elementor-image-box-img\"><img decoding=\"async\" width=\"364\" height=\"363\" src=\"https:\/\/singei.com\/wp-content\/uploads\/2025\/10\/insectos.png\" class=\"attachment-full size-full wp-image-623\" alt=\"\" srcset=\"https:\/\/singei.com\/wp-content\/uploads\/2025\/10\/insectos.png 364w, https:\/\/singei.com\/wp-content\/uploads\/2025\/10\/insectos-300x300.png 300w, https:\/\/singei.com\/wp-content\/uploads\/2025\/10\/insectos-150x150.png 150w, https:\/\/singei.com\/wp-content\/uploads\/2025\/10\/insectos-12x12.png 12w\" sizes=\"(max-width: 364px) 100vw, 364px\" \/><\/figure><div class=\"elementor-image-box-content\"><h3 class=\"elementor-image-box-title\">- INSECTOS<\/h3><\/div><\/div>\t\t\t\t<\/div>\n\t\t\t\t<\/div>\n\t\t\t\t<div class=\"elementor-element elementor-element-c16d8ae elementor-position-top elementor-widget elementor-widget-image-box\" data-id=\"c16d8ae\" data-element_type=\"widget\" data-e-type=\"widget\" data-widget_type=\"image-box.default\">\n\t\t\t\t<div class=\"elementor-widget-container\">\n\t\t\t\t\t<div class=\"elementor-image-box-wrapper\"><figure class=\"elementor-image-box-img\"><img decoding=\"async\" width=\"364\" height=\"363\" src=\"https:\/\/singei.com\/wp-content\/uploads\/2025\/10\/nitrogeno.png\" class=\"attachment-full size-full wp-image-626\" alt=\"- NITR\u00d3GENO\" srcset=\"https:\/\/singei.com\/wp-content\/uploads\/2025\/10\/nitrogeno.png 364w, https:\/\/singei.com\/wp-content\/uploads\/2025\/10\/nitrogeno-300x300.png 300w, https:\/\/singei.com\/wp-content\/uploads\/2025\/10\/nitrogeno-150x150.png 150w, https:\/\/singei.com\/wp-content\/uploads\/2025\/10\/nitrogeno-12x12.png 12w\" sizes=\"(max-width: 364px) 100vw, 364px\" \/><\/figure><div class=\"elementor-image-box-content\"><h3 class=\"elementor-image-box-title\">- NITR\u00d3GENO<\/h3><\/div><\/div>\t\t\t\t<\/div>\n\t\t\t\t<\/div>\n\t\t\t\t<div class=\"elementor-element elementor-element-5ee59c7 elementor-position-top elementor-widget elementor-widget-image-box\" data-id=\"5ee59c7\" data-element_type=\"widget\" data-e-type=\"widget\" data-widget_type=\"image-box.default\">\n\t\t\t\t<div class=\"elementor-widget-container\">\n\t\t\t\t\t<div class=\"elementor-image-box-wrapper\"><figure class=\"elementor-image-box-img\"><img loading=\"lazy\" decoding=\"async\" width=\"363\" height=\"363\" src=\"https:\/\/singei.com\/wp-content\/uploads\/2025\/10\/gestion.png\" class=\"attachment-full size-full wp-image-625\" alt=\"+ GESTI\u00d3N\" srcset=\"https:\/\/singei.com\/wp-content\/uploads\/2025\/10\/gestion.png 363w, https:\/\/singei.com\/wp-content\/uploads\/2025\/10\/gestion-300x300.png 300w, https:\/\/singei.com\/wp-content\/uploads\/2025\/10\/gestion-150x150.png 150w, https:\/\/singei.com\/wp-content\/uploads\/2025\/10\/gestion-12x12.png 12w\" sizes=\"(max-width: 363px) 100vw, 363px\" \/><\/figure><div class=\"elementor-image-box-content\"><h3 class=\"elementor-image-box-title\">+ GESTI\u00d3N<\/h3><\/div><\/div>\t\t\t\t<\/div>\n\t\t\t\t<\/div>\n\t\t\t\t<div class=\"elementor-element elementor-element-748db6d elementor-position-top elementor-widget elementor-widget-image-box\" data-id=\"748db6d\" data-element_type=\"widget\" data-e-type=\"widget\" data-widget_type=\"image-box.default\">\n\t\t\t\t<div class=\"elementor-widget-container\">\n\t\t\t\t\t<div class=\"elementor-image-box-wrapper\"><figure class=\"elementor-image-box-img\"><img loading=\"lazy\" decoding=\"async\" width=\"363\" height=\"363\" src=\"https:\/\/singei.com\/wp-content\/uploads\/2025\/10\/eficiencia.png\" class=\"attachment-full size-full wp-image-624\" alt=\"EFICIENCIA INTEGRAL\" srcset=\"https:\/\/singei.com\/wp-content\/uploads\/2025\/10\/eficiencia.png 363w, https:\/\/singei.com\/wp-content\/uploads\/2025\/10\/eficiencia-300x300.png 300w, https:\/\/singei.com\/wp-content\/uploads\/2025\/10\/eficiencia-150x150.png 150w, https:\/\/singei.com\/wp-content\/uploads\/2025\/10\/eficiencia-12x12.png 12w\" sizes=\"(max-width: 363px) 100vw, 363px\" \/><\/figure><div class=\"elementor-image-box-content\"><h3 class=\"elementor-image-box-title\">EFICIENCIA INTEGRAL<\/h3><\/div><\/div>\t\t\t\t<\/div>\n\t\t\t\t<\/div>\n\t\t\t\t\t<\/div>\n\t\t\t\t<\/div>\n\t\t<div class=\"elementor-element elementor-element-d021e95 e-flex e-con-boxed e-con e-parent\" data-id=\"d021e95\" data-element_type=\"container\" data-e-type=\"container\" data-settings=\"{&quot;background_background&quot;:&quot;classic&quot;}\">\n\t\t\t\t\t<div class=\"e-con-inner\">\n\t\t\t\t<div class=\"elementor-element elementor-element-c1fb841 elementor-widget elementor-widget-heading\" data-id=\"c1fb841\" data-element_type=\"widget\" data-e-type=\"widget\" data-widget_type=\"heading.default\">\n\t\t\t\t<div class=\"elementor-widget-container\">\n\t\t\t\t\t<h2 class=\"elementor-heading-title elementor-size-default\">C\u00d3DIGO PROMOCIONAL SEPOR50 (DESCUENTO 50%)<\/h2>\t\t\t\t<\/div>\n\t\t\t\t<\/div>\n\t\t\t\t<div class=\"elementor-element elementor-element-887c7d8 elementor-widget elementor-widget-button\" data-id=\"887c7d8\" data-element_type=\"widget\" data-e-type=\"widget\" data-widget_type=\"button.default\">\n\t\t\t\t<div class=\"elementor-widget-container\">\n\t\t\t\t\t\t\t\t\t<div class=\"elementor-button-wrapper\">\n\t\t\t\t\t<a class=\"elementor-button elementor-button-link elementor-size-sm\" href=\"https:\/\/tienda.aurelianbiotech.com\/products\/singei\" target=\"_blank\">\n\t\t\t\t\t\t<span class=\"elementor-button-content-wrapper\">\n\t\t\t\t\t\t\t\t\t<span class=\"elementor-button-text\">COMPRAR<\/span>\n\t\t\t\t\t<\/span>\n\t\t\t\t\t<\/a>\n\t\t\t\t<\/div>\n\t\t\t\t\t\t\t\t<\/div>\n\t\t\t\t<\/div>\n\t\t\t\t\t<\/div>\n\t\t\t\t<\/div>\n\t\t<div class=\"elementor-element elementor-element-fbdfb82 e-flex e-con-boxed e-con e-parent\" data-id=\"fbdfb82\" data-element_type=\"container\" data-e-type=\"container\">\n\t\t\t\t\t<div class=\"e-con-inner\">\n\t\t<div class=\"elementor-element elementor-element-114eedd e-con-full e-flex e-con e-child\" data-id=\"114eedd\" data-element_type=\"container\" data-e-type=\"container\">\n\t\t\t\t<div class=\"elementor-element elementor-element-b1075f0 elementor-widget elementor-widget-heading\" data-id=\"b1075f0\" data-element_type=\"widget\" data-e-type=\"widget\" data-widget_type=\"heading.default\">\n\t\t\t\t<div class=\"elementor-widget-container\">\n\t\t\t\t\t<h2 class=\"elementor-heading-title elementor-size-default\">NO A\u00d1ADA M\u00c1S BACTERIAS<\/h2>\t\t\t\t<\/div>\n\t\t\t\t<\/div>\n\t\t\t\t<div class=\"elementor-element elementor-element-0f38427 elementor-widget elementor-widget-text-editor\" data-id=\"0f38427\" data-element_type=\"widget\" data-e-type=\"widget\" data-widget_type=\"text-editor.default\">\n\t\t\t\t<div class=\"elementor-widget-container\">\n\t\t\t\t\t\t\t\t\t<p>La aplicaci\u00f3n de la micro-dosis mineral de SINGEI mejora el bienestar personal y animal, descontaminando el aire de part\u00edculas e insectos, consiguiendo una reducci\u00f3n de nitr\u00f3geno amoniacal del 70% y de los olores intensos del 95%.<\/p>\t\t\t\t\t\t\t\t<\/div>\n\t\t\t\t<\/div>\n\t\t\t\t<div class=\"elementor-element elementor-element-5a3e049 elementor-align-left elementor-mobile-align-center elementor-widget elementor-widget-button\" data-id=\"5a3e049\" data-element_type=\"widget\" data-e-type=\"widget\" data-widget_type=\"button.default\">\n\t\t\t\t<div class=\"elementor-widget-container\">\n\t\t\t\t\t\t\t\t\t<div class=\"elementor-button-wrapper\">\n\t\t\t\t\t<a class=\"elementor-button elementor-button-link elementor-size-sm\" href=\"https:\/\/singei.com\/manual-uso\/\">\n\t\t\t\t\t\t<span class=\"elementor-button-content-wrapper\">\n\t\t\t\t\t\t\t\t\t<span class=\"elementor-button-text\">VER MANUAL DE USO<\/span>\n\t\t\t\t\t<\/span>\n\t\t\t\t\t<\/a>\n\t\t\t\t<\/div>\n\t\t\t\t\t\t\t\t<\/div>\n\t\t\t\t<\/div>\n\t\t\t\t<\/div>\n\t\t<div class=\"elementor-element elementor-element-61091cb e-con-full e-flex e-con e-child\" data-id=\"61091cb\" data-element_type=\"container\" data-e-type=\"container\">\n\t\t\t\t<div class=\"elementor-element elementor-element-9411c95 elementor-widget elementor-widget-image\" data-id=\"9411c95\" data-element_type=\"widget\" data-e-type=\"widget\" data-widget_type=\"image.default\">\n\t\t\t\t<div class=\"elementor-widget-container\">\n\t\t\t\t\t\t\t\t\t\t\t\t\t\t\t<img loading=\"lazy\" decoding=\"async\" width=\"800\" height=\"663\" src=\"https:\/\/singei.com\/wp-content\/uploads\/2025\/10\/bote-singei-e1761301771374-1024x848.png\" class=\"attachment-large size-large wp-image-630\" alt=\"bote singei\" srcset=\"https:\/\/singei.com\/wp-content\/uploads\/2025\/10\/bote-singei-e1761301771374-1024x848.png 1024w, https:\/\/singei.com\/wp-content\/uploads\/2025\/10\/bote-singei-e1761301771374-300x249.png 300w, https:\/\/singei.com\/wp-content\/uploads\/2025\/10\/bote-singei-e1761301771374-768x636.png 768w, https:\/\/singei.com\/wp-content\/uploads\/2025\/10\/bote-singei-e1761301771374-14x12.png 14w, https:\/\/singei.com\/wp-content\/uploads\/2025\/10\/bote-singei-e1761301771374.png 1446w\" sizes=\"(max-width: 800px) 100vw, 800px\" \/>\t\t\t\t\t\t\t\t\t\t\t\t\t\t\t<\/div>\n\t\t\t\t<\/div>\n\t\t\t\t<\/div>\n\t\t\t\t\t<\/div>\n\t\t\t\t<\/div>\n\t\t<div class=\"elementor-element elementor-element-4b7b09a e-flex e-con-boxed e-con e-parent\" data-id=\"4b7b09a\" data-element_type=\"container\" data-e-type=\"container\" id=\"contacto\" data-settings=\"{&quot;background_background&quot;:&quot;classic&quot;}\">\n\t\t\t\t\t<div class=\"e-con-inner\">\n\t\t\t\t<div class=\"elementor-element elementor-element-668d4f3 elementor-widget elementor-widget-heading\" data-id=\"668d4f3\" data-element_type=\"widget\" data-e-type=\"widget\" data-widget_type=\"heading.default\">\n\t\t\t\t<div class=\"elementor-widget-container\">\n\t\t\t\t\t<h2 class=\"elementor-heading-title elementor-size-default\">CONTACTE CON NOSOTROS<\/h2>\t\t\t\t<\/div>\n\t\t\t\t<\/div>\n\t\t\t\t<div class=\"elementor-element elementor-element-1ea3f85 elementor-button-align-center elementor-widget__width-initial elementor-widget elementor-widget-form\" data-id=\"1ea3f85\" data-element_type=\"widget\" data-e-type=\"widget\" data-settings=\"{&quot;step_next_label&quot;:&quot;Next&quot;,&quot;step_previous_label&quot;:&quot;Previous&quot;,&quot;button_width&quot;:&quot;100&quot;,&quot;step_type&quot;:&quot;number_text&quot;,&quot;step_icon_shape&quot;:&quot;circle&quot;}\" data-widget_type=\"form.default\">\n\t\t\t\t<div class=\"elementor-widget-container\">\n\t\t\t\t\t\t\t<form class=\"elementor-form\" method=\"post\" name=\"New Form\" aria-label=\"New Form\">\n\t\t\t<input type=\"hidden\" name=\"post_id\" value=\"17\"\/>\n\t\t\t<input type=\"hidden\" name=\"form_id\" value=\"1ea3f85\"\/>\n\t\t\t<input type=\"hidden\" name=\"referer_title\" value=\"\" \/>\n\n\t\t\t\t\t\t\t<input type=\"hidden\" name=\"queried_id\" value=\"17\"\/>\n\t\t\t\n\t\t\t<div class=\"elementor-form-fields-wrapper elementor-labels-\">\n\t\t\t\t\t\t\t\t<div class=\"elementor-field-type-text elementor-field-group elementor-column elementor-field-group-name elementor-col-100 elementor-field-required\">\n\t\t\t\t\t\t\t\t\t\t\t\t<label for=\"form-field-name\" class=\"elementor-field-label elementor-screen-only\">\n\t\t\t\t\t\t\t\tName\t\t\t\t\t\t\t<\/label>\n\t\t\t\t\t\t\t\t\t\t\t\t\t\t<input size=\"1\" type=\"text\" name=\"form_fields[name]\" id=\"form-field-name\" class=\"elementor-field elementor-size-sm  elementor-field-textual\" placeholder=\"Nombre y apellido\/s*\" required=\"required\">\n\t\t\t\t\t\t\t\t\t\t\t<\/div>\n\t\t\t\t\t\t\t\t<div class=\"elementor-field-type-select elementor-field-group elementor-column elementor-field-group-field_0d05d53 elementor-col-50 elementor-field-required\">\n\t\t\t\t\t\t\t\t\t\t\t\t<label for=\"form-field-field_0d05d53\" class=\"elementor-field-label elementor-screen-only\">\n\t\t\t\t\t\t\t\t\u00bfC\u00f3mo se identifica?\t\t\t\t\t\t\t<\/label>\n\t\t\t\t\t\t\t\t<div class=\"elementor-field elementor-select-wrapper remove-before \">\n\t\t\t<div class=\"select-caret-down-wrapper\">\n\t\t\t\t<svg aria-hidden=\"true\" class=\"e-font-icon-svg e-eicon-caret-down\" viewBox=\"0 0 571.4 571.4\" xmlns=\"http:\/\/www.w3.org\/2000\/svg\"><path d=\"M571 393Q571 407 561 418L311 668Q300 679 286 679T261 668L11 418Q0 407 0 393T11 368 36 357H536Q550 357 561 368T571 393Z\"><\/path><\/svg>\t\t\t<\/div>\n\t\t\t<select name=\"form_fields[field_0d05d53]\" id=\"form-field-field_0d05d53\" class=\"elementor-field-textual elementor-size-sm\" required=\"required\">\n\t\t\t\t\t\t\t\t\t<option value=\"\u00bfC\u00f3mo se identifica?*\">\u00bfC\u00f3mo se identifica?*<\/option>\n\t\t\t\t\t\t\t\t\t<option value=\"Particular\">Particular<\/option>\n\t\t\t\t\t\t\t\t\t<option value=\"Empresa privada\">Empresa privada<\/option>\n\t\t\t\t\t\t\t\t\t<option value=\"Instituci\u00f3n\">Instituci\u00f3n<\/option>\n\t\t\t\t\t\t\t\t\t<option value=\"Otro\">Otro<\/option>\n\t\t\t\t\t\t\t<\/select>\n\t\t<\/div>\n\t\t\t\t\t\t<\/div>\n\t\t\t\t\t\t\t\t<div class=\"elementor-field-type-email elementor-field-group elementor-column elementor-field-group-email elementor-col-50 elementor-field-required\">\n\t\t\t\t\t\t\t\t\t\t\t\t<label for=\"form-field-email\" class=\"elementor-field-label elementor-screen-only\">\n\t\t\t\t\t\t\t\tEmail\t\t\t\t\t\t\t<\/label>\n\t\t\t\t\t\t\t\t\t\t\t\t\t\t<input size=\"1\" type=\"email\" name=\"form_fields[email]\" id=\"form-field-email\" class=\"elementor-field elementor-size-sm  elementor-field-textual\" placeholder=\"Email*\" required=\"required\">\n\t\t\t\t\t\t\t\t\t\t\t<\/div>\n\t\t\t\t\t\t\t\t<div class=\"elementor-field-type-textarea elementor-field-group elementor-column elementor-field-group-message elementor-col-100 elementor-field-required\">\n\t\t\t\t\t\t\t\t\t\t\t\t<label for=\"form-field-message\" class=\"elementor-field-label elementor-screen-only\">\n\t\t\t\t\t\t\t\tMessage\t\t\t\t\t\t\t<\/label>\n\t\t\t\t\t\t<textarea class=\"elementor-field-textual elementor-field  elementor-size-sm\" name=\"form_fields[message]\" id=\"form-field-message\" rows=\"4\" placeholder=\"Deje su mensaje*\" required=\"required\"><\/textarea>\t\t\t\t<\/div>\n\t\t\t\t\t\t\t\t<div class=\"elementor-field-type-acceptance elementor-field-group elementor-column elementor-field-group-field_b9794b5 elementor-col-100\">\n\t\t\t\t\t\t\t<div class=\"elementor-field-subgroup\">\n\t\t\t<span class=\"elementor-field-option\">\n\t\t\t\t<input type=\"checkbox\" name=\"form_fields[field_b9794b5]\" id=\"form-field-field_b9794b5\" class=\"elementor-field elementor-size-sm  elementor-acceptance-field\">\n\t\t\t\t<label for=\"form-field-field_b9794b5\">Acepto la <a href=\"\/politica-privacidad\/\" style=\"color:#F7F4BE\n;\">POL\u00cdTICA DE PRIVACIDAD<\/a> del sitio<\/label>\t\t\t<\/span>\n\t\t<\/div>\n\t\t\t\t\t\t<\/div>\n\t\t\t\t\t\t\t\t<div class=\"elementor-field-type-recaptcha_v3 elementor-field-group elementor-column elementor-field-group-field_beb87b1 elementor-col-100 recaptcha_v3-bottomleft\">\n\t\t\t\t\t<div class=\"elementor-field\" id=\"form-field-field_beb87b1\"><div class=\"elementor-g-recaptcha\" data-sitekey=\"6Lc4KywsAAAAAK6nP9tjtYQmywFYkhT96rsOX-UK\" data-type=\"v3\" data-action=\"Form\" data-badge=\"bottomleft\" data-size=\"invisible\"><\/div><\/div>\t\t\t\t<\/div>\n\t\t\t\t\t\t\t\t<div class=\"elementor-field-group elementor-column elementor-field-type-submit elementor-col-100 e-form__buttons\">\n\t\t\t\t\t<button class=\"elementor-button elementor-size-sm\" type=\"submit\">\n\t\t\t\t\t\t<span class=\"elementor-button-content-wrapper\">\n\t\t\t\t\t\t\t\t\t\t\t\t\t\t\t\t\t\t\t\t\t\t<span class=\"elementor-button-text\">ENVIAR<\/span>\n\t\t\t\t\t\t\t\t\t\t\t\t\t<\/span>\n\t\t\t\t\t<\/button>\n\t\t\t\t<\/div>\n\t\t\t<\/div>\n\t\t<\/form>\n\t\t\t\t\t\t<\/div>\n\t\t\t\t<\/div>\n\t\t\t\t\t<\/div>\n\t\t\t\t<\/div>\n\t\t\t\t<\/div>\n\t\t","protected":false},"excerpt":{"rendered":"<p>Para la reducci\u00f3n de los gases de efecto invernadero en la ganader\u00eda<\/p>","protected":false},"author":1,"featured_media":0,"parent":0,"menu_order":0,"comment_status":"closed","ping_status":"closed","template":"elementor_canvas","meta":{"footnotes":""},"class_list":["post-17","page","type-page","status-publish","hentry"],"_links":{"self":[{"href":"https:\/\/singei.com\/cat\/wp-json\/wp\/v2\/pages\/17","targetHints":{"allow":["GET"]}}],"collection":[{"href":"https:\/\/singei.com\/cat\/wp-json\/wp\/v2\/pages"}],"about":[{"href":"https:\/\/singei.com\/cat\/wp-json\/wp\/v2\/types\/page"}],"author":[{"embeddable":true,"href":"https:\/\/singei.com\/cat\/wp-json\/wp\/v2\/users\/1"}],"replies":[{"embeddable":true,"href":"https:\/\/singei.com\/cat\/wp-json\/wp\/v2\/comments?post=17"}],"version-history":[{"count":257,"href":"https:\/\/singei.com\/cat\/wp-json\/wp\/v2\/pages\/17\/revisions"}],"predecessor-version":[{"id":730,"href":"https:\/\/singei.com\/cat\/wp-json\/wp\/v2\/pages\/17\/revisions\/730"}],"wp:attachment":[{"href":"https:\/\/singei.com\/cat\/wp-json\/wp\/v2\/media?parent=17"}],"curies":[{"name":"wp","href":"https:\/\/api.w.org\/{rel}","templated":true}]}}